{"id":44,"date":"2025-04-12T18:39:09","date_gmt":"2025-04-12T22:39:09","guid":{"rendered":"https:\/\/reyeslab.cl\/academia\/?page_id=44"},"modified":"2025-05-09T17:51:50","modified_gmt":"2025-05-09T21:51:50","slug":"inicio","status":"publish","type":"page","link":"https:\/\/reyeslab.cl\/academia\/","title":{"rendered":"Inicio"},"content":{"rendered":"\t\t<div data-elementor-type=\"wp-post\" data-elementor-id=\"44\" class=\"elementor elementor-44\">\n\t\t\t\t<div class=\"elementor-element elementor-element-e5386d7 e-flex e-con-boxed e-con e-parent\" data-id=\"e5386d7\" data-element_type=\"container\" data-e-type=\"container\" data-settings=\"{&quot;background_background&quot;:&quot;classic&quot;}\">\n\t\t\t\t\t<div class=\"e-con-inner\">\n\t\t\t\t<div class=\"elementor-element elementor-element-e1da961 elementor-widget elementor-widget-text-editor\" data-id=\"e1da961\" data-element_type=\"widget\" data-e-type=\"widget\" data-widget_type=\"text-editor.default\">\n\t\t\t\t<div class=\"elementor-widget-container\">\n\t\t\t\t\t\t\t\t\t<h1 data-start=\"175\" data-end=\"248\">\u00a0<\/h1><h1 style=\"text-align: center;\" data-start=\"175\" data-end=\"248\"><span style=\"color: #ffffff;\"><strong data-start=\"175\" data-end=\"248\">Academia <\/strong><strong data-start=\"175\" data-end=\"248\">ReyesLab<\/strong><\/span><\/h1><h2 style=\"text-align: center;\" data-start=\"175\" data-end=\"248\"><span style=\"color: #ffffff;\"><strong data-start=\"175\" data-end=\"248\"> Formaci\u00f3n para un Trabajo M\u00e1s Humano y Estrat\u00e9gico<\/strong><\/span><\/h2><p>\u00a0<\/p><p>\u00a0<\/p><p><span style=\"color: #ffffff;\">Impulsamos el desarrollo de profesionales en Recursos Humanos y Relaciones Laborales, con herramientas pr\u00e1cticas, enfoque legal y mirada preventiva. Aprende con nosotros a construir ambientes laborales saludables y sostenibles.<\/span><\/p><p>\u00a0<\/p><p>\u00a0<\/p>\t\t\t\t\t\t\t\t<\/div>\n\t\t\t\t<\/div>\n\t\t\t\t\t<\/div>\n\t\t\t\t<\/div>\n\t\t<div class=\"elementor-element elementor-element-6e848c8 e-flex e-con-boxed e-con e-parent\" data-id=\"6e848c8\" data-element_type=\"container\" data-e-type=\"container\">\n\t\t\t\t\t<div class=\"e-con-inner\">\n\t\t\t\t<div class=\"elementor-element elementor-element-5adcfb6 elementor-widget elementor-widget-spacer\" data-id=\"5adcfb6\" data-element_type=\"widget\" data-e-type=\"widget\" data-widget_type=\"spacer.default\">\n\t\t\t\t<div class=\"elementor-widget-container\">\n\t\t\t\t\t\t\t<div class=\"elementor-spacer\">\n\t\t\t<div class=\"elementor-spacer-inner\"><\/div>\n\t\t<\/div>\n\t\t\t\t\t\t<\/div>\n\t\t\t\t<\/div>\n\t\t\t\t\t<\/div>\n\t\t\t\t<\/div>\n\t\t<div class=\"elementor-element elementor-element-74b1284 e-flex e-con-boxed e-con e-parent\" data-id=\"74b1284\" data-element_type=\"container\" data-e-type=\"container\">\n\t\t\t\t\t<div class=\"e-con-inner\">\n\t\t\t\t<div class=\"elementor-element elementor-element-ad66ebb elementor-widget elementor-widget-wp-widget-tutor_course_widget\" data-id=\"ad66ebb\" data-element_type=\"widget\" data-e-type=\"widget\" data-widget_type=\"wp-widget-tutor_course_widget.default\">\n\t\t\t\t<div class=\"elementor-widget-container\">\n\t\t\t\t\t\t\t<div class=\"tutor-widget-course-loop tutor-widget-course tutor-widget-course-338tutor-widget-course-loop tutor-widget-course tutor-widget-course-338\">\n\t\t\t<div class=\"tutor-card tutor-course-card tutor-mb-12\">\n\t\t\t\t<div class=\"tutor-course-thumbnail\">\n\t<a href=\"https:\/\/reyeslab.cl\/academia\/courses\/relaciones-laborales-para-analistas\/\" class=\"tutor-d-block\">\n\t\t<div class=\"tutor-ratio tutor-ratio-16x9\">\n\t\t\t<img decoding=\"async\" class=\"tutor-card-image-top\" src=\"https:\/\/reyeslab.cl\/academia\/wp-content\/uploads\/2025\/04\/ChatGPT-Image-12-abr-2025-17_46_23.png\" alt=\"Relaciones Laborales para Analistas\" loading=\"lazy\">\n\t\t<\/div>\n\t<\/a>\n\t<\/div>\n<div class=\"tutor-course-bookmark\">\n\t<a href=\";\" class=\"tutor-open-login-modal save-bookmark-btn tutor-iconic-btn tutor-iconic-btn-secondary\" data-course-id=\"338\">\n\t\t<i class=\"tutor-icon-bookmark-line\"><\/i>\n\t<\/a><\/div>\n\n<div class=\"tutor-card-body\">\n\n<div class=\"tutor-course-ratings tutor-mb-8\">\n\t\t<div class=\"tutor-ratings\">\n\t\t<div class=\"tutor-ratings-stars\">\n\t\t\t<span class=\"tutor-icon-star-line\" data-rating-value=\"1\"><\/span><span class=\"tutor-icon-star-line\" data-rating-value=\"2\"><\/span><span class=\"tutor-icon-star-line\" data-rating-value=\"3\"><\/span><span class=\"tutor-icon-star-line\" data-rating-value=\"4\"><\/span><span class=\"tutor-icon-star-line\" data-rating-value=\"5\"><\/span>\t\t<\/div>\n\n\t\t\t<\/div>\n\t<\/div>\n\n<h3 class=\"tutor-course-name tutor-fs-5 tutor-fw-medium\" title=\"Relaciones Laborales para Analistas\">\n\t<a href=\"https:\/\/reyeslab.cl\/academia\/courses\/relaciones-laborales-para-analistas\/\">Relaciones Laborales para Analistas<\/a>\n<\/h3>\n\n<div class=\"tutor-meta tutor-mt-12 tutor-mb-20\">\n\t\t\t<div>\n\t\t\t<span class=\"tutor-meta-icon tutor-icon-user-line\"><\/span>\n\t\t\t<span class=\"tutor-meta-value\">1<\/span>\n\t\t<\/div>\n\t\n\t\t\t<div>\n\t\t\t<span class=\"tutor-icon-clock-line tutor-meta-icon\"><\/span>\n\t\t\t<span class=\"tutor-meta-value\">\n\t\t\t\t 40h\t\t\t<\/span>\n\t\t<\/div>\n\t<\/div>\n\n<div class=\"tutor-meta tutor-mt-auto\">\n\t<div>\n\t\t<a href=\"#\" class=\"tutor-d-flex\">\n\t\t\t<div class=\"tutor-avatar\"><div class=\"tutor-ratio tutor-ratio-1x1\"><span class=\"tutor-avatar-text\">A<\/span><\/div><\/div>\t\t<\/a>\n\t<\/div>\n\n\t<div>\n\t\tpor\t\t<a href=\"#\">admin<\/a>\n\n\t\t\t\t\ten\t\t\t<a href=\"https:\/\/reyeslab.cl\/academia\/course-category\/relaciones-laborales\/?tutor-course-filter-category=6\">relaciones laborales<\/a>\t\t\t<\/div>\n<\/div>\n\n<\/div>\n\n<div class=\"tutor-card-footer\">\n\t<div class=\" tutor-d-flex tutor-align-center tutor-justify-between \"><div class=\"list-item-price tutor-d-flex tutor-align-center\"> <span class=\"price tutor-fs-6 tutor-fw-bold tutor-color-black\"> <\/span><\/div><div class=\"list-item-button\"> \n\t<a href=\"https:\/\/reyeslab.cl\/academia\/producto\/relaciones-laborales-para-analistas\/\" data-quantity=\"1\" class=\"tutor-btn tutor-btn-outline-primary tutor-btn-md tutor-btn-block  product_type_simple tutor-open-login-modal\" data-product_id=\"509\" data-product_sku=\"\" aria-label=\"Lee m\u00e1s sobre &ldquo;Relaciones Laborales para Analistas&rdquo;\" rel=\"nofollow\"><span class=\"tutor-icon-cart-line tutor-mr-8\"><\/span><span class=\"cart-text\">Leer m\u00e1s<\/span><\/a> <\/div><\/div>\t<\/div>\n\t\t\t<\/div>\n\t\t<\/div>\n\t\t\t\t\t\t<\/div>\n\t\t\t\t<\/div>\n\t\t\t\t\t<\/div>\n\t\t\t\t<\/div>\n\t\t\t\t<\/div>\n\t\t","protected":false},"excerpt":{"rendered":"<p>\u00a0 Academia ReyesLab Formaci\u00f3n para un Trabajo M\u00e1s Humano y Estrat\u00e9gico \u00a0 \u00a0 Impulsamos el desarrollo de profesionales en Recursos Humanos y Relaciones Laborales, con herramientas pr\u00e1cticas, enfoque legal y mirada preventiva. Aprende con nosotros a construir ambientes laborales saludables y sostenibles. \u00a0 \u00a0<\/p>\n","protected":false},"author":1,"featured_media":47,"parent":0,"menu_order":0,"comment_status":"closed","ping_status":"closed","template":"elementor_header_footer","meta":{"footnotes":""},"class_list":["post-44","page","type-page","status-publish","has-post-thumbnail","hentry"],"_links":{"self":[{"href":"https:\/\/reyeslab.cl\/academia\/wp-json\/wp\/v2\/pages\/44","targetHints":{"allow":["GET"]}}],"collection":[{"href":"https:\/\/reyeslab.cl\/academia\/wp-json\/wp\/v2\/pages"}],"about":[{"href":"https:\/\/reyeslab.cl\/academia\/wp-json\/wp\/v2\/types\/page"}],"author":[{"embeddable":true,"href":"https:\/\/reyeslab.cl\/academia\/wp-json\/wp\/v2\/users\/1"}],"replies":[{"embeddable":true,"href":"https:\/\/reyeslab.cl\/academia\/wp-json\/wp\/v2\/comments?post=44"}],"version-history":[{"count":11,"href":"https:\/\/reyeslab.cl\/academia\/wp-json\/wp\/v2\/pages\/44\/revisions"}],"predecessor-version":[{"id":437,"href":"https:\/\/reyeslab.cl\/academia\/wp-json\/wp\/v2\/pages\/44\/revisions\/437"}],"wp:featuredmedia":[{"embeddable":true,"href":"https:\/\/reyeslab.cl\/academia\/wp-json\/wp\/v2\/media\/47"}],"wp:attachment":[{"href":"https:\/\/reyeslab.cl\/academia\/wp-json\/wp\/v2\/media?parent=44"}],"curies":[{"name":"wp","href":"https:\/\/api.w.org\/{rel}","templated":true}]}}